{"id":2912,"date":"2026-03-13T21:11:00","date_gmt":"2026-03-13T21:11:00","guid":{"rendered":"https:\/\/netzwerk-antirassismus.ch\/bildirim-formu\/"},"modified":"2026-03-16T21:46:44","modified_gmt":"2026-03-16T21:46:44","slug":"bildirim-formu","status":"publish","type":"page","link":"https:\/\/netzwerk-antirassismus.ch\/tr\/bildirim-formu\/","title":{"rendered":"Bildirim Formu"},"content":{"rendered":"\t\t<div data-elementor-type=\"wp-page\" data-elementor-id=\"2912\" class=\"elementor elementor-2912 elementor-2695\" data-elementor-post-type=\"page\">\n\t\t\t\t\t\t<section class=\"elementor-section elementor-top-section elementor-element elementor-element-75af8d1c elementor-section-content-middle elementor-reverse-tablet elementor-reverse-mobile elementor-section-full_width elementor-section-height-default elementor-section-height-default\" data-id=\"75af8d1c\" data-element_type=\"section\" data-e-type=\"section\">\n\t\t\t\t\t\t<div class=\"elementor-container elementor-column-gap-no\">\n\t\t\t\t\t<div class=\"elementor-column elementor-col-66 elementor-top-column elementor-element elementor-element-13fd1577\" data-id=\"13fd1577\" data-element_type=\"column\" data-e-type=\"column\">\n\t\t\t<div class=\"elementor-widget-wrap elementor-element-populated\">\n\t\t\t\t\t\t<div class=\"elementor-element elementor-element-55bbf0d5 elementor-widget__width-initial elementor-invisible elementor-widget elementor-widget-heading\" data-id=\"55bbf0d5\" data-element_type=\"widget\" data-e-type=\"widget\" data-settings=\"{&quot;_animation&quot;:&quot;slideInRight&quot;}\" data-widget_type=\"heading.default\">\n\t\t\t\t<div class=\"elementor-widget-container\">\n\t\t\t\t\t<h3 class=\"elementor-heading-title elementor-size-default\">Irk\u00e7\u0131l\u0131k Bildirim Formu<\/h3>\t\t\t\t<\/div>\n\t\t\t\t<\/div>\n\t\t\t\t<div class=\"elementor-element elementor-element-6ef906d4 elementor-widget__width-initial elementor-widget elementor-widget-text-editor\" data-id=\"6ef906d4\" data-element_type=\"widget\" data-e-type=\"widget\" data-widget_type=\"text-editor.default\">\n\t\t\t\t<div class=\"elementor-widget-container\">\n\t\t\t\t\t\t\t\t\t<div><span data-ogsb=\"white\" data-olk-copy-source=\"MessageBody\">Bu form ile \u0131rk\u00e7\u0131 ayr\u0131mc\u0131l\u0131\u011f\u0131 bildirme ve <\/span><span data-ogsb=\"white\">\u00ab<strong><span style=\"color: #ff99cc;\"><a style=\"color: #ff99cc;\" href=\"https:\/\/stopprassismus.ch\">Stopp Rassismus<\/a><\/span><\/strong>\u00bb uzmanl\u0131k merkezinden dan\u0131\u015fmanl\u0131k alma <\/span>imkan\u0131na sahipsiniz. Dan\u0131\u015fmanl\u0131k istemedi\u011finiz takdirde bildiriminiz, istatistiklerde yer almas\u0131 amac\u0131yla \u00abStopp Rassismus\u00bb uzmanl\u0131k merkezine iletilecektir.<\/div>\t\t\t\t\t\t\t\t<\/div>\n\t\t\t\t<\/div>\n\t\t\t\t\t<\/div>\n\t\t<\/div>\n\t\t\t\t<div class=\"elementor-column elementor-col-33 elementor-top-column elementor-element elementor-element-9c22eb5\" data-id=\"9c22eb5\" data-element_type=\"column\" data-e-type=\"column\">\n\t\t\t<div class=\"elementor-widget-wrap elementor-element-populated\">\n\t\t\t\t\t\t<div class=\"elementor-element elementor-element-3404e865 elementor-hidden-mobile elementor-widget elementor-widget-spacer\" data-id=\"3404e865\" data-element_type=\"widget\" data-e-type=\"widget\" data-widget_type=\"spacer.default\">\n\t\t\t\t<div class=\"elementor-widget-container\">\n\t\t\t\t\t\t\t<div class=\"elementor-spacer\">\n\t\t\t<div class=\"elementor-spacer-inner\"><\/div>\n\t\t<\/div>\n\t\t\t\t\t\t<\/div>\n\t\t\t\t<\/div>\n\t\t\t\t<div class=\"elementor-element elementor-element-3d4dfd23 elementor-invisible elementor-widget elementor-widget-image\" data-id=\"3d4dfd23\" data-element_type=\"widget\" data-e-type=\"widget\" data-settings=\"{&quot;_animation&quot;:&quot;fadeInUp&quot;}\" data-widget_type=\"image.default\">\n\t\t\t\t<div class=\"elementor-widget-container\">\n\t\t\t\t\t\t\t\t\t\t\t\t\t\t\t<img fetchpriority=\"high\" decoding=\"async\" width=\"951\" height=\"755\" src=\"https:\/\/netzwerk-antirassismus.ch\/wp-content\/uploads\/2026\/03\/Ebene-1.png\" class=\"attachment-full size-full wp-image-2914\" alt=\"\" srcset=\"https:\/\/netzwerk-antirassismus.ch\/wp-content\/uploads\/2026\/03\/Ebene-1.png 951w, https:\/\/netzwerk-antirassismus.ch\/wp-content\/uploads\/2026\/03\/Ebene-1-300x238.png 300w, https:\/\/netzwerk-antirassismus.ch\/wp-content\/uploads\/2026\/03\/Ebene-1-768x610.png 768w\" sizes=\"(max-width: 951px) 100vw, 951px\" \/>\t\t\t\t\t\t\t\t\t\t\t\t\t\t\t<\/div>\n\t\t\t\t<\/div>\n\t\t\t\t\t<\/div>\n\t\t<\/div>\n\t\t\t\t\t<\/div>\n\t\t<\/section>\n\t\t\t\t<section class=\"elementor-section elementor-top-section elementor-element elementor-element-2ce39d5d elementor-section-full_width elementor-section-content-middle elementor-reverse-tablet elementor-reverse-mobile elementor-section-height-default elementor-section-height-default\" data-id=\"2ce39d5d\" data-element_type=\"section\" data-e-type=\"section\" data-settings=\"{&quot;background_background&quot;:&quot;classic&quot;}\">\n\t\t\t\t\t\t<div class=\"elementor-container elementor-column-gap-no\">\n\t\t\t\t\t<div class=\"elementor-column elementor-col-100 elementor-top-column elementor-element elementor-element-51174207\" data-id=\"51174207\" data-element_type=\"column\" data-e-type=\"column\">\n\t\t\t<div class=\"elementor-widget-wrap elementor-element-populated\">\n\t\t\t\t\t\t<div class=\"elementor-element elementor-element-286f58d8 elementor-button-align-stretch elementor-widget elementor-widget-form\" data-id=\"286f58d8\" data-element_type=\"widget\" data-e-type=\"widget\" data-settings=\"{&quot;step_next_label&quot;:&quot;\\u0130leri&quot;,&quot;step_previous_label&quot;:&quot;Geri&quot;,&quot;button_width&quot;:&quot;100&quot;,&quot;step_type&quot;:&quot;number_text&quot;,&quot;step_icon_shape&quot;:&quot;circle&quot;}\" data-widget_type=\"form.default\">\n\t\t\t\t<div class=\"elementor-widget-container\">\n\t\t\t\t\t\t\t<form class=\"elementor-form\" method=\"post\" name=\"Bildirim Formu (DE)\" aria-label=\"Bildirim Formu (DE)\">\n\t\t\t<input type=\"hidden\" name=\"post_id\" value=\"2912\"\/>\n\t\t\t<input type=\"hidden\" name=\"form_id\" value=\"286f58d8\"\/>\n\t\t\t<input type=\"hidden\" name=\"referer_title\" value=\"Bildirim Formu\" \/>\n\n\t\t\t\t\t\t\t<input type=\"hidden\" name=\"queried_id\" value=\"2912\"\/>\n\t\t\t\n\t\t\t<div class=\"elementor-form-fields-wrapper elementor-labels-above\">\n\t\t\t\t\t\t\t\t<div class=\"elementor-field-type-radio elementor-field-group elementor-column elementor-field-group-name elementor-col-100 elementor-field-required elementor-mark-required\">\n\t\t\t\t\t\t\t\t\t\t\t\t<label for=\"form-field-name\" class=\"elementor-field-label\">\n\t\t\t\t\t\t\t\tVakay\u0131...\t\t\t\t\t\t\t<\/label>\n\t\t\t\t\t\t<div class=\"elementor-field-subgroup  elementor-subgroup-inline\"><span class=\"elementor-field-option\"><input type=\"radio\" value=\"sadece bildirmek istiyorum \" id=\"form-field-name-0\" name=\"form_fields[name]\" required=\"required\"> <label for=\"form-field-name-0\">sadece bildirmek istiyorum <\/label><\/span><span class=\"elementor-field-option\"><input type=\"radio\" value=\"bildirmek ve dan\u0131\u015fmanl\u0131k almak istiyorum\" id=\"form-field-name-1\" name=\"form_fields[name]\" required=\"required\"> <label for=\"form-field-name-1\">bildirmek ve dan\u0131\u015fmanl\u0131k almak istiyorum<\/label><\/span><\/div>\t\t\t\t<\/div>\n\t\t\t\t\t\t\t\t<div class=\"elementor-field-type-radio elementor-field-group elementor-column elementor-field-group-field_a18d676 elementor-col-100 elementor-field-required elementor-mark-required\">\n\t\t\t\t\t\t\t\t\t\t\t\t<label for=\"form-field-field_a18d676\" class=\"elementor-field-label\">\n\t\t\t\t\t\t\t\t\u015eu s\u0131fatla bulundum:\t\t\t\t\t\t\t<\/label>\n\t\t\t\t\t\t<div class=\"elementor-field-subgroup  elementor-subgroup-inline\"><span class=\"elementor-field-option\"><input type=\"radio\" value=\"do\u011frudan etkilenen\" id=\"form-field-field_a18d676-0\" name=\"form_fields[field_a18d676]\" required=\"required\"> <label for=\"form-field-field_a18d676-0\">do\u011frudan etkilenen<\/label><\/span><span class=\"elementor-field-option\"><input type=\"radio\" value=\"tan\u0131k\" id=\"form-field-field_a18d676-1\" name=\"form_fields[field_a18d676]\" required=\"required\"> <label for=\"form-field-field_a18d676-1\">tan\u0131k<\/label><\/span><span class=\"elementor-field-option\"><input type=\"radio\" value=\"vaka bildirimi\" id=\"form-field-field_a18d676-2\" name=\"form_fields[field_a18d676]\" required=\"required\"> <label for=\"form-field-field_a18d676-2\">vaka bildirimi<\/label><\/span><\/div>\t\t\t\t<\/div>\n\t\t\t\t\t\t\t\t<div class=\"elementor-field-type-date elementor-field-group elementor-column elementor-field-group-field_20e2974 elementor-col-60 elementor-field-required elementor-mark-required\">\n\t\t\t\t\t\t\t\t\t\t\t\t<label for=\"form-field-field_20e2974\" class=\"elementor-field-label\">\n\t\t\t\t\t\t\t\tNe zaman? Olay\u0131n tarihi, varsa saati \t\t\t\t\t\t\t<\/label>\n\t\t\t\t\t\t\n\t\t<input type=\"date\" name=\"form_fields[field_20e2974]\" id=\"form-field-field_20e2974\" class=\"elementor-field elementor-size-md  elementor-field-textual elementor-date-field\" placeholder=\"Tarih\" required=\"required\" pattern=\"[0-9]{4}-[0-9]{2}-[0-9]{2}\" min=\"1999-03-01\">\n\t\t\t\t\t\t<\/div>\n\t\t\t\t\t\t\t\t<div class=\"elementor-field-type-time elementor-field-group elementor-column elementor-field-group-field_1423239 elementor-col-60\">\n\t\t\t\t\t\t\t<input type=\"time\" name=\"form_fields[field_1423239]\" id=\"form-field-field_1423239\" class=\"elementor-field elementor-size-md  elementor-field-textual elementor-time-field\" placeholder=\"Saat\">\n\t\t\t\t\t\t<\/div>\n\t\t\t\t\t\t\t\t<div class=\"elementor-field-type-checkbox elementor-field-group elementor-column elementor-field-group-field_afaf254 elementor-col-100\">\n\t\t\t\t\t\t\t\t\t\t\t\t<label for=\"form-field-field_afaf254\" class=\"elementor-field-label\">\n\t\t\t\t\t\t\t\tNerede?\t\t\t\t\t\t\t<\/label>\n\t\t\t\t\t\t<div class=\"elementor-field-subgroup  elementor-subgroup-inline\"><span class=\"elementor-field-option\"><input type=\"checkbox\" value=\"Kurum (\u00f6rn. ma\u011faza, banka)\" id=\"form-field-field_afaf254-0\" name=\"form_fields[field_afaf254][]\"> <label for=\"form-field-field_afaf254-0\">Kurum (\u00f6rn. ma\u011faza, banka)<\/label><\/span><span class=\"elementor-field-option\"><input type=\"checkbox\" value=\"\u0130\u015f arama, i\u015f piyasas\u0131\" id=\"form-field-field_afaf254-1\" name=\"form_fields[field_afaf254][]\"> <label for=\"form-field-field_afaf254-1\">\u0130\u015f arama, i\u015f piyasas\u0131<\/label><\/span><span class=\"elementor-field-option\"><input type=\"checkbox\" value=\"Kamusal alan (\u00f6rn. parkta)\" id=\"form-field-field_afaf254-2\" name=\"form_fields[field_afaf254][]\"> <label for=\"form-field-field_afaf254-2\">Kamusal alan (\u00f6rn. parkta)<\/label><\/span><span class=\"elementor-field-option\"><input type=\"checkbox\" value=\"Okul, i\u015f yeri\" id=\"form-field-field_afaf254-3\" name=\"form_fields[field_afaf254][]\"> <label for=\"form-field-field_afaf254-3\">Okul, i\u015f yeri<\/label><\/span><span class=\"elementor-field-option\"><input type=\"checkbox\" value=\"\u0130dare (\u00f6rn. vergi dairesi)\" id=\"form-field-field_afaf254-4\" name=\"form_fields[field_afaf254][]\"> <label for=\"form-field-field_afaf254-4\">\u0130dare (\u00f6rn. vergi dairesi)<\/label><\/span><span class=\"elementor-field-option\"><input type=\"checkbox\" value=\"Konut arama, kira ili\u015fkisi\" id=\"form-field-field_afaf254-5\" name=\"form_fields[field_afaf254][]\"> <label for=\"form-field-field_afaf254-5\">Konut arama, kira ili\u015fkisi<\/label><\/span><span class=\"elementor-field-option\"><input type=\"checkbox\" value=\"Polis\" id=\"form-field-field_afaf254-6\" name=\"form_fields[field_afaf254][]\"> <label for=\"form-field-field_afaf254-6\">Polis<\/label><\/span><span class=\"elementor-field-option\"><input type=\"checkbox\" value=\"\u00d6zel alan\" id=\"form-field-field_afaf254-7\" name=\"form_fields[field_afaf254][]\"> <label for=\"form-field-field_afaf254-7\">\u00d6zel alan<\/label><\/span><\/div>\t\t\t\t<\/div>\n\t\t\t\t\t\t\t\t<div class=\"elementor-field-type-checkbox elementor-field-group elementor-column elementor-field-group-field_02d8121 elementor-col-100\">\n\t\t\t\t\t\t\t\t\t\t\t\t<label for=\"form-field-field_02d8121\" class=\"elementor-field-label\">\n\t\t\t\t\t\t\t\tNe?\t\t\t\t\t\t\t<\/label>\n\t\t\t\t\t\t<div class=\"elementor-field-subgroup  elementor-subgroup-inline\"><span class=\"elementor-field-option\"><input type=\"checkbox\" value=\"Ayr\u0131mc\u0131l\u0131k\/Ma\u011fduriyet\" id=\"form-field-field_02d8121-0\" name=\"form_fields[field_02d8121][]\"> <label for=\"form-field-field_02d8121-0\">Ayr\u0131mc\u0131l\u0131k\/Ma\u011fduriyet<\/label><\/span><span class=\"elementor-field-option\"><input type=\"checkbox\" value=\"K\u00fcf\u00fcr, hakaret\" id=\"form-field-field_02d8121-1\" name=\"form_fields[field_02d8121][]\"> <label for=\"form-field-field_02d8121-1\">K\u00fcf\u00fcr, hakaret<\/label><\/span><span class=\"elementor-field-option\"><input type=\"checkbox\" value=\"Mobbing, as\u0131ls\u0131z su\u00e7lama\" id=\"form-field-field_02d8121-2\" name=\"form_fields[field_02d8121][]\"> <label for=\"form-field-field_02d8121-2\">Mobbing, as\u0131ls\u0131z su\u00e7lama<\/label><\/span><span class=\"elementor-field-option\"><input type=\"checkbox\" value=\"Fiziksel sald\u0131r\u0131\" id=\"form-field-field_02d8121-3\" name=\"form_fields[field_02d8121][]\"> <label for=\"form-field-field_02d8121-3\">Fiziksel sald\u0131r\u0131<\/label><\/span><span class=\"elementor-field-option\"><input type=\"checkbox\" value=\"Hizmet reddi (\u00f6rn. hizmet verilmemesi)\" id=\"form-field-field_02d8121-4\" name=\"form_fields[field_02d8121][]\"> <label for=\"form-field-field_02d8121-4\">Hizmet reddi (\u00f6rn. hizmet verilmemesi)<\/label><\/span><span class=\"elementor-field-option\"><input type=\"checkbox\" value=\"Mala zarar verme\" id=\"form-field-field_02d8121-5\" name=\"form_fields[field_02d8121][]\"> <label for=\"form-field-field_02d8121-5\">Mala zarar verme<\/label><\/span><\/div>\t\t\t\t<\/div>\n\t\t\t\t\t\t\t\t<div class=\"elementor-field-type-text elementor-field-group elementor-column elementor-field-group-field_68daf59 elementor-col-100 elementor-field-required elementor-mark-required\">\n\t\t\t\t\t\t\t\t\t\t\t\t<label for=\"form-field-field_68daf59\" class=\"elementor-field-label\">\n\t\t\t\t\t\t\t\tDurumun k\u0131sa a\u00e7\u0131klamas\u0131:\t\t\t\t\t\t\t<\/label>\n\t\t\t\t\t\t\t\t\t\t\t\t\t\t<input size=\"1\" type=\"text\" name=\"form_fields[field_68daf59]\" id=\"form-field-field_68daf59\" class=\"elementor-field elementor-size-md  elementor-field-textual\" placeholder=\"Buraya yaz\u0131n\u0131z\" required=\"required\">\n\t\t\t\t\t\t\t\t\t\t\t<\/div>\n\t\t\t\t\t\t\t\t<div class=\"elementor-field-type-text elementor-field-group elementor-column elementor-field-group-field_3c95998 elementor-col-60 elementor-field-required elementor-mark-required\">\n\t\t\t\t\t\t\t\t\t\t\t\t<label for=\"form-field-field_3c95998\" class=\"elementor-field-label\">\n\t\t\t\t\t\t\t\tAd\t\t\t\t\t\t\t<\/label>\n\t\t\t\t\t\t\t\t\t\t\t\t\t\t<input size=\"1\" type=\"text\" name=\"form_fields[field_3c95998]\" id=\"form-field-field_3c95998\" class=\"elementor-field elementor-size-md  elementor-field-textual\" placeholder=\"Ad\" required=\"required\">\n\t\t\t\t\t\t\t\t\t\t\t<\/div>\n\t\t\t\t\t\t\t\t<div class=\"elementor-field-type-text elementor-field-group elementor-column elementor-field-group-field_85f7c85 elementor-col-60 elementor-field-required elementor-mark-required\">\n\t\t\t\t\t\t\t\t\t\t\t\t<label for=\"form-field-field_85f7c85\" class=\"elementor-field-label\">\n\t\t\t\t\t\t\t\tSoyad\t\t\t\t\t\t\t<\/label>\n\t\t\t\t\t\t\t\t\t\t\t\t\t\t<input size=\"1\" type=\"text\" name=\"form_fields[field_85f7c85]\" id=\"form-field-field_85f7c85\" class=\"elementor-field elementor-size-md  elementor-field-textual\" placeholder=\"Soyad\" required=\"required\">\n\t\t\t\t\t\t\t\t\t\t\t<\/div>\n\t\t\t\t\t\t\t\t<div class=\"elementor-field-type-email elementor-field-group elementor-column elementor-field-group-field_23e2ee5 elementor-col-60 elementor-field-required elementor-mark-required\">\n\t\t\t\t\t\t\t\t\t\t\t\t<label for=\"form-field-field_23e2ee5\" class=\"elementor-field-label\">\n\t\t\t\t\t\t\t\tE-posta\t\t\t\t\t\t\t<\/label>\n\t\t\t\t\t\t\t\t\t\t\t\t\t\t<input size=\"1\" type=\"email\" name=\"form_fields[field_23e2ee5]\" id=\"form-field-field_23e2ee5\" class=\"elementor-field elementor-size-md  elementor-field-textual\" placeholder=\"E-posta\" required=\"required\">\n\t\t\t\t\t\t\t\t\t\t\t<\/div>\n\t\t\t\t\t\t\t\t<div class=\"elementor-field-type-text elementor-field-group elementor-column elementor-field-group-field_cae9013 elementor-col-60 elementor-field-required elementor-mark-required\">\n\t\t\t\t\t\t\t\t\t\t\t\t<label for=\"form-field-field_cae9013\" class=\"elementor-field-label\">\n\t\t\t\t\t\t\t\tYer\t\t\t\t\t\t\t<\/label>\n\t\t\t\t\t\t\t\t\t\t\t\t\t\t<input size=\"1\" type=\"text\" name=\"form_fields[field_cae9013]\" id=\"form-field-field_cae9013\" class=\"elementor-field elementor-size-md  elementor-field-textual\" placeholder=\"Yer\" required=\"required\">\n\t\t\t\t\t\t\t\t\t\t\t<\/div>\n\t\t\t\t\t\t\t\t<div class=\"elementor-field-type-date elementor-field-group elementor-column elementor-field-group-field_f33e409 elementor-col-100 elementor-field-required elementor-mark-required\">\n\t\t\t\t\t\t\t\t\t\t\t\t<label for=\"form-field-field_f33e409\" class=\"elementor-field-label\">\n\t\t\t\t\t\t\t\tTarih\t\t\t\t\t\t\t<\/label>\n\t\t\t\t\t\t\n\t\t<input type=\"date\" name=\"form_fields[field_f33e409]\" id=\"form-field-field_f33e409\" class=\"elementor-field elementor-size-md  elementor-field-textual elementor-date-field\" placeholder=\"G\u00fcn\u00fcn tarihi\" required=\"required\" pattern=\"[0-9]{4}-[0-9]{2}-[0-9]{2}\">\n\t\t\t\t\t\t<\/div>\n\t\t\t\t\t\t\t\t<div class=\"elementor-field-type-acceptance elementor-field-group elementor-column elementor-field-group-field_53aca87 elementor-col-100\">\n\t\t\t\t\t\t\t\t\t\t\t\t<label for=\"form-field-field_53aca87\" class=\"elementor-field-label\">\n\t\t\t\t\t\t\t\tkabul ediyorum: \t\t\t\t\t\t\t<\/label>\n\t\t\t\t\t\t\t\t<div class=\"elementor-field-subgroup\">\n\t\t\t<span class=\"elementor-field-option\">\n\t\t\t\t<input type=\"checkbox\" name=\"form_fields[field_53aca87]\" id=\"form-field-field_53aca87\" class=\"elementor-field elementor-size-md  elementor-acceptance-field\">\n\t\t\t\t<label for=\"form-field-field_53aca87\"><span style=\"color:#ff99cc;\">\n  <strong>\n    <a href=\"https:\/\/netzwerk-antirassismus.ch\/tr\/gizlilik-bildirimi\/\" style=\"color:#ff99cc; text-decoration:none;\" target=\"_blank\">\n gizlilik politikas\u0131\n    <\/a>\n  <\/strong>\n<\/span><\/label>\t\t\t<\/span>\n\t\t<\/div>\n\t\t\t\t\t\t<\/div>\n\t\t\t\t\t\t\t\t<div class=\"elementor-field-group elementor-column elementor-field-type-submit elementor-col-100 e-form__buttons\">\n\t\t\t\t\t<button class=\"elementor-button elementor-size-md\" type=\"submit\">\n\t\t\t\t\t\t<span class=\"elementor-button-content-wrapper\">\n\t\t\t\t\t\t\t\t\t\t\t\t\t\t\t\t\t\t\t\t\t\t<span class=\"elementor-button-text\">G\u00f6nder<\/span>\n\t\t\t\t\t\t\t\t\t\t\t\t\t<\/span>\n\t\t\t\t\t<\/button>\n\t\t\t\t<\/div>\n\t\t\t<\/div>\n\t\t<\/form>\n\t\t\t\t\t\t<\/div>\n\t\t\t\t<\/div>\n\t\t\t\t\t<\/div>\n\t\t<\/div>\n\t\t\t\t\t<\/div>\n\t\t<\/section>\n\t\t\t\t<\/div>\n\t\t","protected":false},"excerpt":{"rendered":"<p>Irk\u00e7\u0131l\u0131k Bildirim Formu Bu form ile \u0131rk\u00e7\u0131 ayr\u0131mc\u0131l\u0131\u011f\u0131 bildirme ve \u00abStopp Rassismus\u00bb uzmanl\u0131k merkezinden dan\u0131\u015fmanl\u0131k alma imkan\u0131na sahipsiniz. Dan\u0131\u015fmanl\u0131k istemedi\u011finiz takdirde bildiriminiz, istatistiklerde yer almas\u0131 amac\u0131yla \u00abStopp Rassismus\u00bb uzmanl\u0131k merkezine iletilecektir.<\/p>\n","protected":false},"author":1,"featured_media":0,"parent":0,"menu_order":0,"comment_status":"closed","ping_status":"closed","template":"elementor_header_footer","meta":{"footnotes":""},"class_list":["post-2912","page","type-page","status-publish","hentry"],"_links":{"self":[{"href":"https:\/\/netzwerk-antirassismus.ch\/tr\/wp-json\/wp\/v2\/pages\/2912","targetHints":{"allow":["GET"]}}],"collection":[{"href":"https:\/\/netzwerk-antirassismus.ch\/tr\/wp-json\/wp\/v2\/pages"}],"about":[{"href":"https:\/\/netzwerk-antirassismus.ch\/tr\/wp-json\/wp\/v2\/types\/page"}],"author":[{"embeddable":true,"href":"https:\/\/netzwerk-antirassismus.ch\/tr\/wp-json\/wp\/v2\/users\/1"}],"replies":[{"embeddable":true,"href":"https:\/\/netzwerk-antirassismus.ch\/tr\/wp-json\/wp\/v2\/comments?post=2912"}],"version-history":[{"count":2,"href":"https:\/\/netzwerk-antirassismus.ch\/tr\/wp-json\/wp\/v2\/pages\/2912\/revisions"}],"predecessor-version":[{"id":3296,"href":"https:\/\/netzwerk-antirassismus.ch\/tr\/wp-json\/wp\/v2\/pages\/2912\/revisions\/3296"}],"wp:attachment":[{"href":"https:\/\/netzwerk-antirassismus.ch\/tr\/wp-json\/wp\/v2\/media?parent=2912"}],"curies":[{"name":"wp","href":"https:\/\/api.w.org\/{rel}","templated":true}]}}